{"id":2430,"date":"2022-02-07T10:29:10","date_gmt":"2022-02-07T10:29:10","guid":{"rendered":"https:\/\/objevtevesmir.cz\/?post_type=product&#038;p=2430"},"modified":"2023-05-18T05:52:08","modified_gmt":"2023-05-18T05:52:08","slug":"akce-teleskop-objevte-vesmir","status":"publish","type":"product","link":"https:\/\/objevtevesmir.cz\/en\/product\/akce-teleskop-objevte-vesmir\/","title":{"rendered":"AKCE: Teleskop + Objevte vesm\u00edr"},"content":{"rendered":"<p>TeleskopSky Horizon Travel 70 je kompaktn\u00ed a lehk\u00fd refraktor s azimut\u00e1ln\u00ed mont\u00e1\u017e\u00ed. Tento teleskop je p\u0159enosn\u00fd: m\u016f\u017eete jej vz\u00edt se sebou na pozorov\u00e1n\u00ed v p\u0159\u00edrod\u011b. Dod\u00e1v\u00e1 se s ta\u0161kou do kter\u00e9 se v\u00fdborn\u011b vejde teleskop, stativ i optick\u00e9 pr\u00edslu\u0161enstv\u00ed. Tento teleskop je vynikaj\u00edc\u00ed pro pozorov\u00e1n\u00ed planet slune\u010dn\u00ed soustavy a M\u011bs\u00edce. D\u00e1 se pou\u017e\u00edt jako st\u0159eleck\u00fd dalekohled pro pozemn\u00ed pozorov\u00e1n\u00ed. S teleskopem Sky Horizon Travel 70 budete moci pozorovat tak\u00e9 hlubok\u00fd vesm\u00edr.<\/p>\n<p align=\"center\"><iframe title=\"YouTube video player\" src=\"https:\/\/www.youtube.com\/embed\/mhyKIviD1QM\" width=\"560\" height=\"315\" frameborder=\"0\" allowfullscreen=\"allowfullscreen\"><\/iframe><\/p>\n<p>Refraktor. Pr\u016fm\u011br \u010do\u010dky objektivu: 70 mm. Ohniskov\u00e1 vzd\u00e1lenost: 400 mm<\/p>\n<p>Hlavn\u00ed charakteristikou teleskopu Sky Horizon Travel 70 je jeho zkr\u00e1cen\u00fd optick\u00fd tubus. Je t\u00e9m\u011b\u0159 polovi\u010dn\u00ed oproti v\u011bt\u0161in\u011b tubus\u016f refraktor\u016f. D\u00edky tomu si jej m\u016f\u017eete pohodln\u011b vz\u00edt v\u0161ude s sebou \u2013 nezab\u00edr\u00e1 moc m\u00edsta. Nav\u00edc nen\u00ed t\u011b\u017ek\u00fd \u2013 design teleskopu m\u00e1 n\u00edzkou hmotnost. S mont\u00e1\u017e\u00ed se snadno manipuluje a bez probl\u00e9m\u016f ji dok\u00e1\u017ee smontovat dokonce i za\u010d\u00e1te\u010dn\u00edk. Pro nam\u00ed\u0159en\u00ed teleskopu na po\u017eadovan\u00fd objekt nebesk\u00e9 sf\u00e9ry mus\u00edte pouze oto\u010dit tubus kolem v\u00fd\u0161kov\u00e9 nebo azimut\u00e1ln\u00ed osy. Stativ je vyroben z lehk\u00e9ho hlin\u00edku a m\u00e1 nastavitelnou v\u00fd\u0161ku.<\/p>\n<p>Souprava obsahuje ve\u0161ker\u00e9 p\u0159\u00edslu\u0161enstv\u00ed pro pozorov\u00e1n\u00ed: optick\u00fd hled\u00e1\u010dek, \u010do\u010dku Barlow a dva okul\u00e1ry. Maxim\u00e1ln\u00ed zv\u011bt\u0161ov\u00e1n\u00ed s dodanou optikou je 120x.<\/p>\n<h3><strong>+ ZDARMA Souprava Objevte vesm\u00edr v hodnot\u011b 599 K\u010d<\/strong><\/h3>\n<p>Z\u00e1hady vesm\u00edru jsou tradi\u010dn\u00edm a modern\u00edm p\u0159edm\u011btem z\u00e1jmu lidstva, kter\u00e9 jej ji\u017e zkoum\u00e1 cel\u00e1 stalet\u00ed. S rozvojem technologi\u00ed m\u00e1me vesm\u00edr doslova na dosah ruky. Je na rozhodnut\u00ed ka\u017ed\u00e9ho z n\u00e1s jestli z\u016fstane vesm\u00edr nad\u00e1le chladn\u00fdm a z\u00e1hadn\u00fdm m\u00edstem nebo se rozhodneme k n\u011bmu p\u0159ibl\u00ed\u017eit a za\u010dneme ho objevovat.<\/p>\n<p><strong>Interaktivn\u00ed sada Objevte vesm\u00edr<\/strong>\u00a0V\u00e1m pom\u016f\u017ee odhalit z\u00e1hady\u00a0<strong>slune\u010dn\u00ed soustavy<\/strong>\u00a0a no\u010dn\u00ed oblohy. Aplikace jsou podporov\u00e1ny aktu\u00e1ln\u00edmi daty p\u0159\u00edmo z NASA a detailn\u00edmi 3D modely planet a grafikou pro zv\u00fd\u0161en\u00ed intenzivn\u00edho z\u00e1\u017eitku z objevov\u00e1n\u00ed vesm\u00edru.<\/p>\n<ol>\n<li><strong>Virtu\u00e1ln\u00ed aplikace Solar System VR<\/strong><\/li>\n<\/ol>\n<p>S touto aplikac\u00ed za\u017eijete vesm\u00edr na vlastn\u00ed k\u016f\u017ei, kde se budete moci zam\u011b\u0159it na n\u011bkter\u00e9 dosud zn\u00e1m\u00e9 vesm\u00edrn\u00e9 ud\u00e1losti jako vesm\u00edrn\u00e9 vozidlo Curiosity Rover na Marsu, p\u0159ist\u00e1n\u00ed mise Apollo 11 na m\u011bs\u00edci<br \/>\nnebo l\u00e9tat kolem vesm\u00edrn\u00e9 stanice ISS. Cel\u00e1 aplikace je podporov\u00e1na perfektn\u00edmi 3D modely v detailn\u00ed grafice.<\/p>\n<ol start=\"2\">\n<li><strong>Virtu\u00e1ln\u00ed aplikace Planet Orbiter VR<\/strong><\/li>\n<\/ol>\n<p>\u00da\u017easn\u00fd z\u00e1\u017eitek z n\u00edzk\u00e9ho p\u0159eletu orbitu planety Zem\u011b, kde je mo\u017en\u00e9 let\u011bt nad zemsk\u00fdm povrchem, oce\u00e1ny, kontinenty. V\u0161echny modely jsou tvo\u0159eny dle aktu\u00e1ln\u00edch dat z NASA. Aplikace V\u00e1m p\u0159i p\u0159eletu nad Zem\u00ed vyzna\u010d\u00ed m\u00edsto ze kter\u00e9ho aplikaci v dan\u00e9m okam\u017eiku pou\u017e\u00edv\u00e1te.<\/p>\n<p>Nezapomenuteln\u00fdm z\u00e1\u017eitkem bude i p\u0159elet nad Marsem po jeho orbit\u011b a m\u00edsto p\u0159ist\u00e1n\u00ed Roveru Perseverance.<\/p>\n<ol start=\"3\">\n<li><strong>Aplikace Solar System Scope<\/strong><\/li>\n<\/ol>\n<p>Interaktivn\u00ed digit\u00e1ln\u00ed encyklopedie vesm\u00edru, kter\u00e1 popisuje ty nejmen\u0161\u00ed detaily o slune\u010dn\u00ed soustav\u011b<br \/>\ns mno\u017estv\u00edm fakt\u016f o planet\u00e1ch a jejich povr\u0161\u00edch, \u0159ezech do j\u00e1dra a mnoho dal\u0161\u00edch fakt\u016f.<\/p>\n<p>Objevte zaj\u00edmav\u00e9 informace o souhv\u011bzd\u00edch a vesm\u00edrn\u00fdch objektech p\u0159\u00edmo z va\u0161eho smartfonu.<\/p>\n<ol start=\"4\">\n<li><strong>Vesm\u00edrn\u00fd plak\u00e1t<\/strong><\/li>\n<\/ol>\n<p>V\u011bdeck\u00fd a detailn\u011b propracovan\u00fd A1 oboustrann\u00fd plak\u00e1t o vesm\u00edru.<\/p>\n<ol start=\"5\">\n<li><strong>Br\u00fdle na virtu\u00e1ln\u00ed realitu<\/strong><\/li>\n<\/ol>\n<p>VR br\u00fdle z kvalitn\u00edho kartonu pro pou\u017eit\u00ed s aplikac\u00ed na smartpfonu. Zm\u011b\u0148te sv\u016fj smartfon na okno do vesm\u00edru.<br \/>\nVR br\u00fdle jsou dopln\u011bny o fixa\u010dn\u00ed prvky, kter\u00e9 zabr\u00e1n\u00ed vypadnut\u00ed Va\u0161eho telefonu z br\u00fdl\u00ed po dobu pou\u017e\u00edvan\u00ed<\/p>\n<p>Objevte vesm\u00edr s encyklopedi\u00ed a aplikac\u00ed\u00a0<strong>Solar System Scope<\/strong>, kter\u00e1 se d\u00e1 pou\u017e\u00edt na 5 ti za\u0159\u00edzen\u00edch.<br \/>\n<strong>Od v\u011bku 10+ let.<\/strong><\/p>\n<p>&nbsp;<\/p>\n<p><strong>Specifikace:<\/strong><\/p>\n<ul>\n<li>Optick\u00e1 konstrukce refraktor<\/li>\n<li>Povrchov\u00e1 \u00faprava optiky antireflexn\u00ed vrstva na v\u0161ech optick\u00fdch ploch\u00e1ch<\/li>\n<li>Pr\u016fm\u011br objektivu(apertura),mm 70<\/li>\n<li>Ohniskov\u00e1 vzd\u00e1lenost, mm 400<\/li>\n<li>Maxim\u00e1ln\u00ed zv\u011bt\u0161en\u00ed, pomoc\u00ed dodan\u00e9ho p\u0159\u00edslu\u0161enstv\u00ed, x 120<\/li>\n<li>Mont\u00e1\u017e AZ<\/li>\n<li>Stativ hlin\u00edk<\/li>\n<li>Z\u00e1sobn\u00edk na p\u0159\u00edslu\u0161stv\u00ed<\/li>\n<li>V\u00fd\u0161ka stativu (nastaviteln\u00e1), mm 400-1250<\/li>\n<li>Hled\u00e1\u010dek Optick\u00fd, 5&#215;24<\/li>\n<li>Vnit\u0159n\u00ed pr\u016fm\u011br okul\u00e1ru 1,25&#8221;<\/li>\n<li>Okul\u00e1r K10 mm (40x), K25 mm (25x)<\/li>\n<li>Barlow\u016fv \u010dlen 3x<\/li>\n<li>Diagon\u00e1ln\u00ed zrcadlo<\/li>\n<li>Cestovn\u00ed ta\u0161ka<\/li>\n<li>N\u00e1vod k pou\u017e\u00edv\u00e1n\u00ed a do\u017eivotn\u00ed z\u00e1ruka<\/li>\n<li>3x vesm\u00edrn\u00e1 aplikace (Solar System Scope, Solar System VR, Planet Orbiter VR) pro smartfony<\/li>\n<li>1 x aplikace Solar System Scope pro po\u010d\u00edta\u010de a notebooky<\/li>\n<li>A1 vesm\u00edrny plag\u00e1t oboustrann\u011b poti\u0161t\u011bn<\/li>\n<li>3D virtu\u00e1ln\u00ed kart\u00f3nov\u00e9 br\u00fdle<\/li>\n<li>3D obraz vesm\u00edrn\u00e9 stanice ISS o rozm\u011bru 20 x 20cm<\/li>\n<li>K\u00f3d pro ka\u017edou aplikaci m\u016f\u017eete pou\u017e\u00edt pro 5 za\u0159\u00edzen\u00ed a aplikace tak m\u016f\u017ee pou\u017e\u00edvat cel\u00e1 rodina<br \/>\nnebo p\u0159\u00e1tel\u00e9<\/li>\n<\/ul>\n<p><a href=\"https:\/\/objevtevesmir.cz\/wp-content\/uploads\/F40070M-CZSK.pdf\"><strong>N\u00e1vod k pou\u017eit\u00ed ZDE<\/strong><\/a><\/p>\n","protected":false},"excerpt":{"rendered":"<p>TeleskopSky Horizon Travel 70 je kompaktn\u00ed a lehk\u00fd refraktor s azimut\u00e1ln\u00ed mont\u00e1\u017e\u00ed. Tento teleskop je p\u0159enosn\u00fd: m\u016f\u017eete jej vz\u00edt se sebou na pozorov\u00e1n\u00ed v p\u0159\u00edrod\u011b. Dod\u00e1v\u00e1 se s ta\u0161kou do kter\u00e9 se v\u00fdborn\u011b vejde teleskop, stativ i optick\u00e9 pr\u00edslu\u0161enstv\u00ed. Tento teleskop je vynikaj\u00edc\u00ed pro pozorov\u00e1n\u00ed planet slune\u010dn\u00ed soustavy a M\u011bs\u00edce. D\u00e1 se pou\u017e\u00edt jako st\u0159eleck\u00fd dalekohled pro pozemn\u00ed pozorov\u00e1n\u00ed. S teleskopem Sky Horizon Travel 70 budete moci pozorovat tak\u00e9 hlubok\u00fd vesm\u00edr.<\/p>\n<h3><strong>+ ZDARMA Souprava Objevte vesm\u00edr <\/strong><strong>v hodnot\u011b 599 K\u010d<\/strong><\/h3>\n<p>Objevte vesm\u00edr dotykem ruky. Z\u00edskejte nov\u00e9 informace o vesm\u00edru interaktivn\u00edm a z\u00e1bavn\u00fdm zp\u016fsobem. Jedine\u010dn\u00e1 sada pro objevov\u00e1n\u00ed vesm\u00edru odhal\u00ed dech berouc\u00ed fakta o\u00a0<strong>slune\u010dn\u00ed soustav\u011b<\/strong>, planet\u00e1ch, hv\u011bzd\u00e1ch, souhv\u011bzd\u00edch a konstelac\u00edch. V\u00edce ne\u017e 100 000 informac\u00ed na jednom m\u00edst\u011b.<\/p>\n","protected":false},"featured_media":2432,"comment_status":"closed","ping_status":"closed","template":"","meta":[],"product_brand":[],"product_cat":[63],"product_tag":[],"class_list":{"0":"post-2430","1":"product","2":"type-product","3":"status-publish","4":"has-post-thumbnail","6":"product_cat-nezarazene-en","7":"sales-flash-overlay","8":"woocommerce-text-align-center","9":"woocommerce-image-align-center","11":"first","12":"outofstock","13":"taxable","14":"shipping-taxable","15":"purchasable","16":"product-type-simple"},"_links":{"self":[{"href":"https:\/\/objevtevesmir.cz\/en\/wp-json\/wp\/v2\/product\/2430","targetHints":{"allow":["GET"]}}],"collection":[{"href":"https:\/\/objevtevesmir.cz\/en\/wp-json\/wp\/v2\/product"}],"about":[{"href":"https:\/\/objevtevesmir.cz\/en\/wp-json\/wp\/v2\/types\/product"}],"replies":[{"embeddable":true,"href":"https:\/\/objevtevesmir.cz\/en\/wp-json\/wp\/v2\/comments?post=2430"}],"wp:featuredmedia":[{"embeddable":true,"href":"https:\/\/objevtevesmir.cz\/en\/wp-json\/wp\/v2\/media\/2432"}],"wp:attachment":[{"href":"https:\/\/objevtevesmir.cz\/en\/wp-json\/wp\/v2\/media?parent=2430"}],"wp:term":[{"taxonomy":"product_brand","embeddable":true,"href":"https:\/\/objevtevesmir.cz\/en\/wp-json\/wp\/v2\/product_brand?post=2430"},{"taxonomy":"product_cat","embeddable":true,"href":"https:\/\/objevtevesmir.cz\/en\/wp-json\/wp\/v2\/product_cat?post=2430"},{"taxonomy":"product_tag","embeddable":true,"href":"https:\/\/objevtevesmir.cz\/en\/wp-json\/wp\/v2\/product_tag?post=2430"}],"curies":[{"name":"wp","href":"https:\/\/api.w.org\/{rel}","templated":true}]}}